{"id":19,"date":"2024-06-06T00:21:29","date_gmt":"2024-06-06T00:21:29","guid":{"rendered":"https:\/\/libertadordeesclavos.com\/?page_id=19"},"modified":"2024-06-06T14:47:46","modified_gmt":"2024-06-06T14:47:46","slug":"home","status":"publish","type":"page","link":"https:\/\/libertadordeesclavos.com\/","title":{"rendered":"Home"},"content":{"rendered":"\n<div class=\"wp-block-cover\"><span aria-hidden=\"true\" class=\"wp-block-cover__background has-background-dim\"><\/span><img loading=\"lazy\" decoding=\"async\" width=\"1024\" height=\"512\" class=\"wp-block-cover__image-background wp-image-20\" alt=\"Tutiempoesoro.com - Jose Manuel Lodeiro - Consultor de Marketing Online y Productividad - Microsoft Excel\" src=\"https:\/\/libertadordeesclavos.com\/wp-content\/uploads\/2024\/06\/Tutiempoesoro_com-Jose-Manuel-Lodeiro-1024x512.jpg\" data-object-fit=\"cover\" srcset=\"https:\/\/libertadordeesclavos.com\/wp-content\/uploads\/2024\/06\/Tutiempoesoro_com-Jose-Manuel-Lodeiro-1024x512.jpg 1024w, https:\/\/libertadordeesclavos.com\/wp-content\/uploads\/2024\/06\/Tutiempoesoro_com-Jose-Manuel-Lodeiro-300x150.jpg 300w, https:\/\/libertadordeesclavos.com\/wp-content\/uploads\/2024\/06\/Tutiempoesoro_com-Jose-Manuel-Lodeiro-768x384.jpg 768w, https:\/\/libertadordeesclavos.com\/wp-content\/uploads\/2024\/06\/Tutiempoesoro_com-Jose-Manuel-Lodeiro-1536x769.jpg 1536w, https:\/\/libertadordeesclavos.com\/wp-content\/uploads\/2024\/06\/Tutiempoesoro_com-Jose-Manuel-Lodeiro-2048x1025.jpg 2048w\" sizes=\"auto, (max-width: 1024px) 100vw, 1024px\" \/><div class=\"wp-block-cover__inner-container is-layout-flow wp-block-cover-is-layout-flow\">\n<p class=\"has-text-align-center has-large-font-size\">\u00bfQuieres dejar de ser un esclavo de Google?<\/p>\n\n\n\n<div class=\"wp-block-buttons alignwide is-content-justification-center is-layout-flex wp-container-core-buttons-is-layout-16018d1d wp-block-buttons-is-layout-flex\">\n<div class=\"wp-block-button is-style-fill\"><a class=\"wp-block-button__link has-background wp-element-button\" style=\"background:linear-gradient(7deg,rgb(254,205,165) 0%,rgb(254,45,45) 50%,rgb(107,0,62) 100%)\">\u00a1\u00a1QUIERO SER LIBRE!!<\/a><\/div>\n<\/div>\n\n\n\n<p class=\"has-text-align-center\"><\/p>\n<\/div><\/div>\n\n\n\n<p><\/p>\n\n\n\n<h2 class=\"wp-block-heading\">Atenci\u00f3n personalizada<\/h2>\n\n\n\n<p>Si buscas una agencia grande y burocr\u00e1tica, lamento decirte que no lo somos. <\/p>\n\n\n\n<p>Somos solo <strong>dos personas tomando decisiones<\/strong>. Albert Anibal y Jos\u00e9 Manuel. Si, los dos tenemos un nombre compuesto. \ud83d\ude42<\/p>\n\n\n\n<p>Albert aporta <strong>innovaci\u00f3n <\/strong>y <strong>energ\u00eda<\/strong>. Jos\u00e9 a\u00f1ade <strong>experiencia <\/strong>y <strong>conocimiento<\/strong>. Un equipo focalizado en tu negocio.<\/p>\n\n\n\n<p>En Libertador de Esclavos, te ofrecemos <strong>atenci\u00f3n personalizada<\/strong> y <strong>estrategias para conseguir clientes<\/strong> \/ <strong>ventas<\/strong>.<\/p>\n\n\n\n<p>Trabajar con nosotros significa tener <strong>un aliado<\/strong> que se sumerge en <strong>tu negocio<\/strong>, comprende <strong>tus objetivos<\/strong> y se adapta r\u00e1pidamente a <strong>los cambio<\/strong>s. Sin intermediarios, sin procesos lentos, solo resultados directos y comunicaci\u00f3n clara. Juntos haremos que consigas clientes a trav\u00e9s de tu web y que tu web destaque en el mar digital.<\/p>\n\n\n\n<h2 class=\"wp-block-heading\">Ser el n\u00famero 1 en Google<\/h2>\n\n\n\n<p>Si has llegado aqu\u00ed, supongo que quiz\u00e1s quieres ser el n\u00famero uno en Google o conseguir clientes. Pero estar entre las primeras posiciones y <strong>tener mucho tr\u00e1fico no garantiza clientes<\/strong>. Te lo aseguro.<\/p>\n\n\n\n<p>No necesitas necesariamente mucho tr\u00e1fico. Si solo quieres tr\u00e1fico, no nos necesitas a nosotros. Hay muchos consultores que te conseguir\u00e1n visitas, pero no te generar\u00e1n negocio. De nada sirven millones de visitas si no te compran nada. Recuerda \u00abmenos es m\u00e1s\u00bb.<\/p>\n\n\n\n<h2 class=\"wp-block-heading\">Conseguir clientes y generar ventas<\/h2>\n\n\n\n<p>Nuestro foco es conseguir negocio, <strong>visitas de calidad que generen ventas<\/strong>. Millones de visitas de usuarios que no compran no sirven de nada. <\/p>\n\n\n\n<p>Necesitas buenos textos, un buen <strong>copy<\/strong>, un buen <strong>funnel de venta<\/strong> y buenos <strong>lead magnets<\/strong> para todos tus visitantes.<\/p>\n\n\n\n<h2 class=\"wp-block-heading\">Testimonios de clientes<\/h2>\n\n\n\n<p>Seguramente esperas testimonios de clientes. <\/p>\n\n\n\n<p>Todos tenemos amigos y podr\u00eda pedirles testimonios en texto o v\u00eddeo. Podr\u00eda llenar la web con ellos, pero prefiero una reuni\u00f3n de 20 minutos para ver si podemos trabajar juntos. Pero primero necesitamos que cumplimentes un formulario haciendo clic en el siguiente bot\u00f3n.<\/p>\n\n\n\n<div class=\"wp-block-buttons alignwide is-content-justification-center is-layout-flex wp-container-core-buttons-is-layout-16018d1d wp-block-buttons-is-layout-flex\">\n<div class=\"wp-block-button is-style-fill\"><a class=\"wp-block-button__link has-background wp-element-button\" style=\"background:linear-gradient(7deg,rgb(254,205,165) 0%,rgb(254,45,45) 50%,rgb(107,0,62) 100%)\">\u00a1\u00a1QUIERO SER LIBRE!!<\/a><\/div>\n<\/div>\n\n\n\n<p><\/p>\n\n\n\n<h2 class=\"wp-block-heading\">Este tipo no quiere vender<\/h2>\n\n\n\n<p>Si has llegado hasta aqu\u00ed, es momento de decirte por qu\u00e9 no deber\u00edas contratarme. Antes debes dar estos pasos: definir tu <strong>cliente objetivo<\/strong>, definir el objetivo del SEO, recopilar <strong>datos actuales<\/strong>, conocer<strong> tu competencia <\/strong>y tener claro qui\u00e9n implementar\u00e1 los cambios que os recomendemos hacer despu\u00e9s de la <strong>auditor\u00eda SEO<\/strong> de tu web. Debes ser sincero. <\/p>\n\n\n\n<p>Supongo que pensar\u00e1s que no soy bueno vendi\u00e9ndome; es verdad, me resulta inc\u00f3modo. Estoy aqu\u00ed para decirte <strong>lo que har\u00e9 por tu negocio y cu\u00e1nto cuesta<\/strong>.<\/p>\n\n\n\n<p>Si buscas un consultor SEO barato, adelante, puedes ir a <strong>Freelancer, Quark, Fiverr o Workana<\/strong> y contratarlo por unos pocos euros. Te dar\u00e1n un <strong>informe autom\u00e1tico<\/strong> generado con un software cualquiera y habr\u00e1s conseguido lo que quer\u00edas, pero <strong>no s\u00e9 si m\u00e1s venta<\/strong>s.<\/p>\n\n\n\n<p>Te adelanto que somos caros. Si te preguntas por qu\u00e9, es simple: preferimos <strong>pocos clientes<\/strong> y darles el <strong>mejor servicio posible<\/strong>. Si te preocupa el precio, entiendo que tu objetivo no es generar ventas sino cumplir con el tr\u00e1mite de una auditor\u00eda SEO del sitio web. En este caso no me necesitas.<\/p>\n\n\n\n<div class=\"wp-block-buttons alignwide is-content-justification-center is-layout-flex wp-container-core-buttons-is-layout-16018d1d wp-block-buttons-is-layout-flex\">\n<div class=\"wp-block-button is-style-fill\"><a class=\"wp-block-button__link has-background wp-element-button\" style=\"background:linear-gradient(7deg,rgb(254,205,165) 0%,rgb(254,45,45) 50%,rgb(107,0,62) 100%)\">\u00a1\u00a1QUIERO SER LIBRE!!<\/a><\/div>\n<\/div>\n\n\n\n<p><\/p>\n\n\n\n<h2 class=\"wp-block-heading\">\u00bfQuieres trabajar conmigo?<\/h2>\n\n\n\n<p>Para eso necesito <strong>hacerte unas preguntas<\/strong>. Si, vuelvo otra vez con el formulario. Solo te llevar\u00e1 dos minutos y tendr\u00e1s una mejor visi\u00f3n de <strong>c\u00f3mo mejorar tu negocio<\/strong>.<\/p>\n\n\n\n<p>Luego puedes decidir si quieres una reuni\u00f3n de 20 minutos conmigo para concretar c\u00f3mo podemos trabajar juntos. <\/p>\n\n\n\n<p>\u00bfQuieres m\u00e1s ventas? Haz clic en el siguiente bot\u00f3n y rellena el formulario.<\/p>\n\n\n\n<div class=\"wp-block-buttons alignwide is-content-justification-center is-layout-flex wp-container-core-buttons-is-layout-16018d1d wp-block-buttons-is-layout-flex\">\n<div class=\"wp-block-button is-style-fill\"><a class=\"wp-block-button__link has-background wp-element-button\" style=\"background:linear-gradient(7deg,rgb(254,205,165) 0%,rgb(254,45,45) 50%,rgb(107,0,62) 100%)\">\u00a1\u00a1QUIERO SER LIBRE!!<\/a><\/div>\n<\/div>\n","protected":false},"excerpt":{"rendered":"<p>Atenci\u00f3n personalizada Si buscas una agencia grande y burocr\u00e1tica, lamento decirte que no lo somos. Somos solo dos personas tomando decisiones. Albert Anibal y Jos\u00e9 Manuel. Si, los dos tenemos un nombre compuesto. \ud83d\ude42 Albert aporta innovaci\u00f3n y energ\u00eda. Jos\u00e9 a\u00f1ade experiencia y conocimiento. Un equipo focalizado en tu negocio. En Libertador de Esclavos, te &#8230; <a title=\"Home\" class=\"read-more\" href=\"https:\/\/libertadordeesclavos.com\/\" aria-label=\"Leer m\u00e1s sobre Home\">Leer m\u00e1s<\/a><\/p>\n","protected":false},"author":1,"featured_media":0,"parent":0,"menu_order":0,"comment_status":"closed","ping_status":"closed","template":"","meta":{"footnotes":""},"class_list":["post-19","page","type-page","status-publish"],"_links":{"self":[{"href":"https:\/\/libertadordeesclavos.com\/index.php\/wp-json\/wp\/v2\/pages\/19","targetHints":{"allow":["GET"]}}],"collection":[{"href":"https:\/\/libertadordeesclavos.com\/index.php\/wp-json\/wp\/v2\/pages"}],"about":[{"href":"https:\/\/libertadordeesclavos.com\/index.php\/wp-json\/wp\/v2\/types\/page"}],"author":[{"embeddable":true,"href":"https:\/\/libertadordeesclavos.com\/index.php\/wp-json\/wp\/v2\/users\/1"}],"replies":[{"embeddable":true,"href":"https:\/\/libertadordeesclavos.com\/index.php\/wp-json\/wp\/v2\/comments?post=19"}],"version-history":[{"count":16,"href":"https:\/\/libertadordeesclavos.com\/index.php\/wp-json\/wp\/v2\/pages\/19\/revisions"}],"predecessor-version":[{"id":56,"href":"https:\/\/libertadordeesclavos.com\/index.php\/wp-json\/wp\/v2\/pages\/19\/revisions\/56"}],"wp:attachment":[{"href":"https:\/\/libertadordeesclavos.com\/index.php\/wp-json\/wp\/v2\/media?parent=19"}],"curies":[{"name":"wp","href":"https:\/\/api.w.org\/{rel}","templated":true}]}}